{"id":74,"date":"2018-10-09T20:08:52","date_gmt":"2018-10-09T20:08:52","guid":{"rendered":"http:\/\/sgneuhaeusel.de\/?page_id=74"},"modified":"2026-03-29T12:19:22","modified_gmt":"2026-03-29T12:19:22","slug":"lauftreff-2","status":"publish","type":"page","link":"https:\/\/sgneuhaeusel.de\/?page_id=74","title":{"rendered":"Lauftreff"},"content":{"rendered":"<p><strong>Trainingszeiten<span style=\"color: #ff0000;\">&nbsp;<\/span><br \/>\n<em>Montags <\/em><\/strong><em>um <strong>18:30 Uhr<\/strong> am alten Sportplatz in der Hillscheider Stra\u00dfe in Neuh\u00e4usel (Parkplatz am Friedhof).<\/em><br \/>\n<em><b>Donnerstags<\/b> laufen wir im Augststadion von 18 bis 19 Uhr (im Winter Flutlicht).<\/em><\/p>\n<p><em>In der Regel laufen wir 10 km auf gut befestigten Waldwegen. Es gibt verschiedene Runden von 5-12 km L\u00e4nge und mit unterschiedlichem H\u00f6henprofil. Der Spa\u00df steht bei uns im Vordergrund. Wir wollen uns w\u00e4hrend des Laufens auch unterhalten k\u00f6nnen.<\/em><br \/>\n<em>\u00dcber eine Teilnahme an unserer Laufrunde freuen wir uns! Wenn ihr neu hinzukommen m\u00f6chtet schreibt gerne eine Mail. Wir verabreden uns oft spontan \u00fcber die Gruppe.<\/em><\/p>\n<p><img decoding=\"async\" class=\"size-full wp-image-20 aligncenter\" src=\"http:\/\/sgneuhaeusel.de\/wp-content\/uploads\/2018\/10\/DLV_GUT.jpg\" alt=\"\" width=\"200\" height=\"197\"><\/p>\n<p>Kontakt:<a href=\"mailto:laufen@sgneuhaeusel.de\"> laufen@sgneuhaeusel.de<\/a><\/p>\n<p>Hier geht es zu den <a href=\"https:\/\/www.lvrheinland.de\/index.php?id=91&amp;wahl=volkslauf\" target=\"_blank\" rel=\"noopener noreferrer\">Laufveranstaltungen vom LV-Rheinland<\/a><\/p>\n","protected":false},"excerpt":{"rendered":"<p>Trainingszeiten&nbsp; Montags um 18:30 Uhr am alten Sportplatz in der Hillscheider Stra\u00dfe in Neuh\u00e4usel (Parkplatz am Friedhof). Donnerstags laufen wir im Augststadion von 18 bis 19 Uhr (im Winter Flutlicht). In der Regel laufen wir 10 km auf gut befestigten Waldwegen. Es gibt verschiedene Runden von 5-12 km L\u00e4nge und mit unterschiedlichem H\u00f6henprofil. Der Spa\u00df &hellip; <\/p>\n<p class=\"link-more\"><a href=\"https:\/\/sgneuhaeusel.de\/?page_id=74\" class=\"more-link\"><span class=\"screen-reader-text\">\u201eLauftreff\u201c <\/span>weiterlesen<\/a><\/p>\n","protected":false},"author":1,"featured_media":1495,"parent":0,"menu_order":0,"comment_status":"closed","ping_status":"closed","template":"","meta":{"ngg_post_thumbnail":0,"iawp_total_views":834,"footnotes":""},"class_list":["post-74","page","type-page","status-publish","has-post-thumbnail","hentry"],"jetpack_sharing_enabled":true,"_links":{"self":[{"href":"https:\/\/sgneuhaeusel.de\/index.php?rest_route=\/wp\/v2\/pages\/74","targetHints":{"allow":["GET"]}}],"collection":[{"href":"https:\/\/sgneuhaeusel.de\/index.php?rest_route=\/wp\/v2\/pages"}],"about":[{"href":"https:\/\/sgneuhaeusel.de\/index.php?rest_route=\/wp\/v2\/types\/page"}],"author":[{"embeddable":true,"href":"https:\/\/sgneuhaeusel.de\/index.php?rest_route=\/wp\/v2\/users\/1"}],"replies":[{"embeddable":true,"href":"https:\/\/sgneuhaeusel.de\/index.php?rest_route=%2Fwp%2Fv2%2Fcomments&post=74"}],"version-history":[{"count":30,"href":"https:\/\/sgneuhaeusel.de\/index.php?rest_route=\/wp\/v2\/pages\/74\/revisions"}],"predecessor-version":[{"id":2842,"href":"https:\/\/sgneuhaeusel.de\/index.php?rest_route=\/wp\/v2\/pages\/74\/revisions\/2842"}],"wp:featuredmedia":[{"embeddable":true,"href":"https:\/\/sgneuhaeusel.de\/index.php?rest_route=\/wp\/v2\/media\/1495"}],"wp:attachment":[{"href":"https:\/\/sgneuhaeusel.de\/index.php?rest_route=%2Fwp%2Fv2%2Fmedia&parent=74"}],"curies":[{"name":"wp","href":"https:\/\/api.w.org\/{rel}","templated":true}]}}