{"id":62,"date":"2018-10-09T20:01:51","date_gmt":"2018-10-09T20:01:51","guid":{"rendered":"http:\/\/sgneuhaeusel.de\/?page_id=62"},"modified":"2026-02-24T21:17:26","modified_gmt":"2026-02-24T21:17:26","slug":"sportangebot","status":"publish","type":"page","link":"https:\/\/sgneuhaeusel.de\/?page_id=62","title":{"rendered":"Mitgliedschaft"},"content":{"rendered":"\n<table id=\"tablepress-2\" class=\"tablepress tablepress-id-2\">\n<thead>\n<tr class=\"row-1\">\n\t<th class=\"column-1\">Mitglied<\/th><th class=\"column-2\">Monatsbeitrag<\/th><th class=\"column-3\">Jahresbeitrag<\/th>\n<\/tr>\n<\/thead>\n<tbody class=\"row-striping row-hover\">\n<tr class=\"row-2\">\n\t<td class=\"column-1\">Erwachsene<\/td><td class=\"column-2\">6,00 EUR<\/td><td class=\"column-3\">72,00 EUR<\/td>\n<\/tr>\n<tr class=\"row-3\">\n\t<td class=\"column-1\">Kinder und Jugendliche bis 18 Jahre<\/td><td class=\"column-2\">4,00 EUR<\/td><td class=\"column-3\">48,00 EUR<\/td>\n<\/tr>\n<tr class=\"row-4\">\n\t<td class=\"column-1\">Senioren ab 65 Jahre<\/td><td class=\"column-2\">4,00 EUR<\/td><td class=\"column-3\">48,00 EUR<\/td>\n<\/tr>\n<tr class=\"row-5\">\n\t<td class=\"column-1\">Familien<\/td><td class=\"column-2\">12,00 EUR<\/td><td class=\"column-3\">144,00 EUR<\/td>\n<\/tr>\n<\/tbody>\n<\/table>\n<!-- #tablepress-2 from cache -->\n<p><strong>&nbsp;<\/strong><\/p>\n<p><strong>Mitglied im Verein werden<\/strong><\/p>\n<p><a href=\"https:\/\/sgneuhaeusel.de\/wp-content\/uploads\/2026\/01\/Mitgliedsantrag2025.pdf\">Antrag Mitgliedschaft<\/a><\/p>\n<p><strong>Zusatzbeitrag JSG Augst<\/strong><\/p>\n<p>Die Mitgliedschaft in der Jugendfu\u00dfball-Abteilung ist mit einem Zusatzbeitrag (ab 2. Jahr Bambini) verbunden, der f\u00fcr die (geringf\u00fcgige) Entlohnung unserer mehr als 20 Trainer und Betreuer im Fu\u00dfball-Jugendbereich vorgesehen ist. Die normalen Mitgliedsbeitr\u00e4ge reichen hierf\u00fcr leider nicht aus. Bitte f\u00fcllen Sie beide Antr\u00e4ge aus.<\/p>\n<p><a href=\"https:\/\/sgneuhaeusel.de\/wp-content\/uploads\/2026\/02\/Zusatzbeitrag2026.pdf\">Antrag Zusatzbeitrag<\/a><\/p>\n<p><strong>Die Satzung der SG Neuh\u00e4usel (Fassung 2024)<\/strong><\/p>\n<p><a href=\"https:\/\/sgneuhaeusel.de\/wp-content\/uploads\/2024\/03\/SGN_Satzung2024.pdf\">Satzung<\/a><\/p>\n<p><strong>Die Jugendordnung der SG Neuh\u00e4usel (Fassung 7.3.2025 g\u00fcltig ab 1.1.2026)<\/strong><\/p>\n<p><a href=\"https:\/\/sgneuhaeusel.de\/wp-content\/uploads\/2025\/03\/SGN-Jugendordnung-20250307.pdf\">Jugendordnung<\/a><\/p>\n<p><strong>F\u00f6rderverein der Augst-Halle<\/strong><\/p>\n<p>Der \u201eF\u00f6rderverein Augst-Halle\u201c unterst\u00fctzt den Weiterbetrieb der alten Augst-Halle und sorgt daf\u00fcr, dass hunderte Sportler und Sportlerinnen Ihrem Sport in <strong>beiden <\/strong>Hallen nachgehen k\u00f6nnen. Gerade im Winter sind zudem die \u201eFreiluftsportler\u201c happy, wenn sie im Winter auf die Hallen zur\u00fcckgreifen k\u00f6nnen. Wir k\u00fcmmern uns zusammen mit den Ortsgemeinden und den Vereinen um die Instandhaltung der Halle und sammeln Gelder, um gr\u00f6\u00dfere Anschaffungen und Reparaturen bezahlen zu k\u00f6nnen, die aufgrund der knappen Budgets von den Kommunen nicht mehr finanzierbar sind. Dar\u00fcber hinaus wollen wir den Bestand der Sportger\u00e4te auf ein Minimum heben.<\/p>\n<p><a href=\"http:\/\/sgneuhaeusel.de\/wp-content\/uploads\/2018\/10\/mitgliedsantrag_forderverein_20131118.pdf\">Antrag Mitgliedschaft F\u00f6rderverein Augst-Halle<\/a><\/p>\n","protected":false},"excerpt":{"rendered":"<p>&nbsp; Mitglied im Verein werden Antrag Mitgliedschaft Zusatzbeitrag JSG Augst Die Mitgliedschaft in der Jugendfu\u00dfball-Abteilung ist mit einem Zusatzbeitrag (ab 2. Jahr Bambini) verbunden, der f\u00fcr die (geringf\u00fcgige) Entlohnung unserer mehr als 20 Trainer und Betreuer im Fu\u00dfball-Jugendbereich vorgesehen ist. Die normalen Mitgliedsbeitr\u00e4ge reichen hierf\u00fcr leider nicht aus. Bitte f\u00fcllen Sie beide Antr\u00e4ge aus. Antrag &hellip; <\/p>\n<p class=\"link-more\"><a href=\"https:\/\/sgneuhaeusel.de\/?page_id=62\" class=\"more-link\"><span class=\"screen-reader-text\">\u201eMitgliedschaft\u201c <\/span>weiterlesen<\/a><\/p>\n","protected":false},"author":1,"featured_media":0,"parent":0,"menu_order":0,"comment_status":"closed","ping_status":"closed","template":"","meta":{"ngg_post_thumbnail":0,"iawp_total_views":1612,"footnotes":""},"class_list":["post-62","page","type-page","status-publish","hentry"],"jetpack_sharing_enabled":true,"_links":{"self":[{"href":"https:\/\/sgneuhaeusel.de\/index.php?rest_route=\/wp\/v2\/pages\/62","targetHints":{"allow":["GET"]}}],"collection":[{"href":"https:\/\/sgneuhaeusel.de\/index.php?rest_route=\/wp\/v2\/pages"}],"about":[{"href":"https:\/\/sgneuhaeusel.de\/index.php?rest_route=\/wp\/v2\/types\/page"}],"author":[{"embeddable":true,"href":"https:\/\/sgneuhaeusel.de\/index.php?rest_route=\/wp\/v2\/users\/1"}],"replies":[{"embeddable":true,"href":"https:\/\/sgneuhaeusel.de\/index.php?rest_route=%2Fwp%2Fv2%2Fcomments&post=62"}],"version-history":[{"count":28,"href":"https:\/\/sgneuhaeusel.de\/index.php?rest_route=\/wp\/v2\/pages\/62\/revisions"}],"predecessor-version":[{"id":2736,"href":"https:\/\/sgneuhaeusel.de\/index.php?rest_route=\/wp\/v2\/pages\/62\/revisions\/2736"}],"wp:attachment":[{"href":"https:\/\/sgneuhaeusel.de\/index.php?rest_route=%2Fwp%2Fv2%2Fmedia&parent=62"}],"curies":[{"name":"wp","href":"https:\/\/api.w.org\/{rel}","templated":true}]}}