{"id":49,"date":"2018-10-09T19:50:40","date_gmt":"2018-10-09T19:50:40","guid":{"rendered":"http:\/\/sgneuhaeusel.de\/?page_id=49"},"modified":"2026-03-09T09:37:52","modified_gmt":"2026-03-09T09:37:52","slug":"lauftreff","status":"publish","type":"page","link":"https:\/\/sgneuhaeusel.de\/?page_id=49","title":{"rendered":"Volkslauf"},"content":{"rendered":"\t\t<div data-elementor-type=\"wp-post\" data-elementor-id=\"49\" class=\"elementor elementor-49\">\n\t\t\t\t\t\t<section class=\"elementor-section elementor-top-section elementor-element elementor-element-6fbed34 elementor-section-boxed elementor-section-height-default elementor-section-height-default\" data-id=\"6fbed34\" data-element_type=\"section\" data-e-type=\"section\">\n\t\t\t\t\t\t<div class=\"elementor-container elementor-column-gap-default\">\n\t\t\t\t\t<div class=\"elementor-column elementor-col-100 elementor-top-column elementor-element elementor-element-c7d6aa5\" data-id=\"c7d6aa5\" data-element_type=\"column\" data-e-type=\"column\">\n\t\t\t<div class=\"elementor-widget-wrap elementor-element-populated\">\n\t\t\t\t\t\t<div class=\"elementor-element elementor-element-b925236 elementor-arrows-position-inside elementor-pagination-position-outside elementor-widget elementor-widget-image-carousel\" data-id=\"b925236\" data-element_type=\"widget\" data-e-type=\"widget\" data-settings=\"{&quot;slides_to_show&quot;:&quot;1&quot;,&quot;navigation&quot;:&quot;both&quot;,&quot;autoplay&quot;:&quot;yes&quot;,&quot;pause_on_hover&quot;:&quot;yes&quot;,&quot;pause_on_interaction&quot;:&quot;yes&quot;,&quot;autoplay_speed&quot;:5000,&quot;infinite&quot;:&quot;yes&quot;,&quot;effect&quot;:&quot;slide&quot;,&quot;speed&quot;:500}\" data-widget_type=\"image-carousel.default\">\n\t\t\t\t<div class=\"elementor-widget-container\">\n\t\t\t\t\t\t\t<div class=\"elementor-image-carousel-wrapper swiper\" role=\"region\" aria-roledescription=\"carousel\" aria-label=\"Bild Karussell\" dir=\"ltr\">\n\t\t\t<div class=\"elementor-image-carousel swiper-wrapper swiper-image-stretch\" aria-live=\"off\">\n\t\t\t\t\t\t\t\t<div class=\"swiper-slide\" role=\"group\" aria-roledescription=\"slide\" aria-label=\"1 von 7\"><figure class=\"swiper-slide-inner\"><img decoding=\"async\" class=\"swiper-slide-image\" src=\"https:\/\/sgneuhaeusel.de\/wp-content\/uploads\/2018\/10\/P1030929-768x513.jpg\" alt=\"P1030929\" \/><\/figure><\/div><div class=\"swiper-slide\" role=\"group\" aria-roledescription=\"slide\" aria-label=\"2 von 7\"><figure class=\"swiper-slide-inner\"><img decoding=\"async\" class=\"swiper-slide-image\" src=\"https:\/\/sgneuhaeusel.de\/wp-content\/uploads\/2018\/10\/P1030823-768x513.jpg\" alt=\"P1030823\" \/><\/figure><\/div><div class=\"swiper-slide\" role=\"group\" aria-roledescription=\"slide\" aria-label=\"3 von 7\"><figure class=\"swiper-slide-inner\"><img decoding=\"async\" class=\"swiper-slide-image\" src=\"https:\/\/sgneuhaeusel.de\/wp-content\/uploads\/2018\/10\/P1030849-768x513.jpg\" alt=\"P1030849\" \/><\/figure><\/div><div class=\"swiper-slide\" role=\"group\" aria-roledescription=\"slide\" aria-label=\"4 von 7\"><figure class=\"swiper-slide-inner\"><img decoding=\"async\" class=\"swiper-slide-image\" src=\"https:\/\/sgneuhaeusel.de\/wp-content\/uploads\/2018\/10\/P1030825-768x513.jpg\" alt=\"P1030825\" \/><\/figure><\/div><div class=\"swiper-slide\" role=\"group\" aria-roledescription=\"slide\" aria-label=\"5 von 7\"><figure class=\"swiper-slide-inner\"><img decoding=\"async\" class=\"swiper-slide-image\" src=\"https:\/\/sgneuhaeusel.de\/wp-content\/uploads\/2018\/10\/P1030885-768x513.jpg\" alt=\"P1030885\" \/><\/figure><\/div><div class=\"swiper-slide\" role=\"group\" aria-roledescription=\"slide\" aria-label=\"6 von 7\"><figure class=\"swiper-slide-inner\"><img decoding=\"async\" class=\"swiper-slide-image\" src=\"https:\/\/sgneuhaeusel.de\/wp-content\/uploads\/2018\/10\/CIMG6547-768x576.jpg\" alt=\"CIMG6547\" \/><\/figure><\/div><div class=\"swiper-slide\" role=\"group\" aria-roledescription=\"slide\" aria-label=\"7 von 7\"><figure class=\"swiper-slide-inner\"><img decoding=\"async\" class=\"swiper-slide-image\" src=\"https:\/\/sgneuhaeusel.de\/wp-content\/uploads\/2018\/10\/P1030935-768x513.jpg\" alt=\"P1030935\" \/><\/figure><\/div>\t\t\t<\/div>\n\t\t\t\t\t\t\t\t\t\t\t\t<div class=\"elementor-swiper-button elementor-swiper-button-prev\" role=\"button\" tabindex=\"0\">\n\t\t\t\t\t\t<i aria-hidden=\"true\" class=\"eicon-chevron-left\"><\/i>\t\t\t\t\t<\/div>\n\t\t\t\t\t<div class=\"elementor-swiper-button elementor-swiper-button-next\" role=\"button\" tabindex=\"0\">\n\t\t\t\t\t\t<i aria-hidden=\"true\" class=\"eicon-chevron-right\"><\/i>\t\t\t\t\t<\/div>\n\t\t\t\t\n\t\t\t\t\t\t\t\t\t<div class=\"swiper-pagination\"><\/div>\n\t\t\t\t\t\t\t\t\t<\/div>\n\t\t\t\t\t\t<\/div>\n\t\t\t\t<\/div>\n\t\t\t\t\t<\/div>\n\t\t<\/div>\n\t\t\t\t\t<\/div>\n\t\t<\/section>\n\t\t\t\t<section class=\"elementor-section elementor-top-section elementor-element elementor-element-680f5c4 elementor-section-boxed elementor-section-height-default elementor-section-height-default\" data-id=\"680f5c4\" data-element_type=\"section\" data-e-type=\"section\">\n\t\t\t\t\t\t<div class=\"elementor-container elementor-column-gap-default\">\n\t\t\t\t\t<div class=\"elementor-column elementor-col-100 elementor-top-column elementor-element elementor-element-63f9186\" data-id=\"63f9186\" data-element_type=\"column\" data-e-type=\"column\">\n\t\t\t<div class=\"elementor-widget-wrap elementor-element-populated\">\n\t\t\t\t\t\t<div class=\"elementor-element elementor-element-1e216dc elementor-widget elementor-widget-text-editor\" data-id=\"1e216dc\" data-element_type=\"widget\" data-e-type=\"widget\" data-widget_type=\"text-editor.default\">\n\t\t\t\t<div class=\"elementor-widget-container\">\n\t\t\t\t\t\t\t\t\t<p style=\"text-align: center;\"><b>32. Lauf Neuh\u00e4usel<br \/>am Steinrausch<br \/>am 18.04.2026<\/b><\/p>\t\t\t\t\t\t\t\t<\/div>\n\t\t\t\t<\/div>\n\t\t\t\t\t<\/div>\n\t\t<\/div>\n\t\t\t\t\t<\/div>\n\t\t<\/section>\n\t\t\t\t<section class=\"elementor-section elementor-top-section elementor-element elementor-element-288479c elementor-section-boxed elementor-section-height-default elementor-section-height-default\" data-id=\"288479c\" data-element_type=\"section\" data-e-type=\"section\">\n\t\t\t\t\t\t<div class=\"elementor-container elementor-column-gap-default\">\n\t\t\t\t\t<div class=\"elementor-column elementor-col-100 elementor-top-column elementor-element elementor-element-0f51cd1\" data-id=\"0f51cd1\" data-element_type=\"column\" data-e-type=\"column\">\n\t\t\t<div class=\"elementor-widget-wrap elementor-element-populated\">\n\t\t\t\t\t\t<section class=\"elementor-section elementor-inner-section elementor-element elementor-element-e21ff54 elementor-section-boxed elementor-section-height-default elementor-section-height-default\" data-id=\"e21ff54\" data-element_type=\"section\" data-e-type=\"section\">\n\t\t\t\t\t\t<div class=\"elementor-container elementor-column-gap-default\">\n\t\t\t\t\t<div class=\"elementor-column elementor-col-33 elementor-inner-column elementor-element elementor-element-bd2088a\" data-id=\"bd2088a\" data-element_type=\"column\" data-e-type=\"column\">\n\t\t\t<div class=\"elementor-widget-wrap elementor-element-populated\">\n\t\t\t\t\t\t<div class=\"elementor-element elementor-element-2ff83ee elementor-widget elementor-widget-image\" data-id=\"2ff83ee\" data-element_type=\"widget\" data-e-type=\"widget\" data-widget_type=\"image.default\">\n\t\t\t\t<div class=\"elementor-widget-container\">\n\t\t\t\t\t\t\t\t\t\t\t\t\t\t\t<img decoding=\"async\" src=\"https:\/\/sgneuhaeusel.de\/wp-content\/uploads\/elementor\/thumbs\/Genehmigter_Lauf_2026-scaled-rcnwemli8k2pbecfi2wbq9gsumgfo8ubf6fe9c42u4.png\" title=\"Genehmigter_Lauf_2026\" alt=\"Genehmigter_Lauf_2026\" loading=\"lazy\" \/>\t\t\t\t\t\t\t\t\t\t\t\t\t\t\t<\/div>\n\t\t\t\t<\/div>\n\t\t\t\t\t<\/div>\n\t\t<\/div>\n\t\t\t\t<div class=\"elementor-column elementor-col-33 elementor-inner-column elementor-element elementor-element-84c616e\" data-id=\"84c616e\" data-element_type=\"column\" data-e-type=\"column\">\n\t\t\t<div class=\"elementor-widget-wrap elementor-element-populated\">\n\t\t\t\t\t\t<div class=\"elementor-element elementor-element-449bcb7 elementor-widget elementor-widget-text-editor\" data-id=\"449bcb7\" data-element_type=\"widget\" data-e-type=\"widget\" data-widget_type=\"text-editor.default\">\n\t\t\t\t<div class=\"elementor-widget-container\">\n\t\t\t\t\t\t\t\t\t<p>\u00a0<\/p><blockquote><p style=\"text-align: center;\"><a href=\"https:\/\/sgneuhaeusel.de\/wp-content\/uploads\/2025\/12\/programm-sg-volkslauf-2026-lay2.pdf\"><span style=\"color: #808080;\"><strong><span style=\"color: #000000;\">&gt;Ausschreibung 2026&lt;<\/span><\/strong><\/span><\/a><\/p><\/blockquote><p style=\"text-align: center;\"><strong><a href=\"https:\/\/my.raceresult.com\/327143\/results\">&gt;Ergebnisse 2025&lt;<\/a><\/strong><\/p>\t\t\t\t\t\t\t\t<\/div>\n\t\t\t\t<\/div>\n\t\t\t\t\t<\/div>\n\t\t<\/div>\n\t\t\t\t<div class=\"elementor-column elementor-col-33 elementor-inner-column elementor-element elementor-element-c9848f9\" data-id=\"c9848f9\" data-element_type=\"column\" data-e-type=\"column\">\n\t\t\t<div class=\"elementor-widget-wrap elementor-element-populated\">\n\t\t\t\t\t\t<div class=\"elementor-element elementor-element-7764b25 elementor-widget elementor-widget-image\" data-id=\"7764b25\" data-element_type=\"widget\" data-e-type=\"widget\" data-widget_type=\"image.default\">\n\t\t\t\t<div class=\"elementor-widget-container\">\n\t\t\t\t\t\t\t\t\t\t\t\t\t\t\t<img decoding=\"async\" width=\"150\" height=\"150\" src=\"https:\/\/sgneuhaeusel.de\/wp-content\/uploads\/2018\/10\/Waller-Laufcup-Logo-150x150.jpg\" class=\"attachment-thumbnail size-thumbnail wp-image-37\" alt=\"\" srcset=\"https:\/\/sgneuhaeusel.de\/wp-content\/uploads\/2018\/10\/Waller-Laufcup-Logo-150x150.jpg 150w, https:\/\/sgneuhaeusel.de\/wp-content\/uploads\/2018\/10\/Waller-Laufcup-Logo-300x300.jpg 300w, https:\/\/sgneuhaeusel.de\/wp-content\/uploads\/2018\/10\/Waller-Laufcup-Logo.jpg 336w\" sizes=\"100vw\" \/>\t\t\t\t\t\t\t\t\t\t\t\t\t\t\t<\/div>\n\t\t\t\t<\/div>\n\t\t\t\t\t<\/div>\n\t\t<\/div>\n\t\t\t\t\t<\/div>\n\t\t<\/section>\n\t\t\t\t\t<\/div>\n\t\t<\/div>\n\t\t\t\t\t<\/div>\n\t\t<\/section>\n\t\t\t\t<section class=\"elementor-section elementor-top-section elementor-element elementor-element-a04cdf9 elementor-section-boxed elementor-section-height-default elementor-section-height-default\" data-id=\"a04cdf9\" data-element_type=\"section\" data-e-type=\"section\">\n\t\t\t\t\t\t<div class=\"elementor-container elementor-column-gap-default\">\n\t\t\t\t\t<div class=\"elementor-column elementor-col-100 elementor-top-column elementor-element elementor-element-98ce2e2\" data-id=\"98ce2e2\" data-element_type=\"column\" data-e-type=\"column\">\n\t\t\t<div class=\"elementor-widget-wrap elementor-element-populated\">\n\t\t\t\t\t\t<div class=\"elementor-element elementor-element-c23bb6c elementor-widget__width-initial elementor-widget elementor-widget-text-editor\" data-id=\"c23bb6c\" data-element_type=\"widget\" data-e-type=\"widget\" data-widget_type=\"text-editor.default\">\n\t\t\t\t<div class=\"elementor-widget-container\">\n\t\t\t\t\t\t\t\t\t<p>Einmal im Jahr veranstaltet die Leichtathletik-Abteilung der SG Neuh\u00e4usel den Internationalen Volkslauf.\u00a0<\/p><p>Der Titel: <b>&#8222;Lauf am Steinrausch&#8220; <\/b><\/p><p>Der 300m Kinderlauf finden am Sportplatz statt, der 1.000m Jugendlauf \u00fcber Ortsstra\u00dfen. Die Strecken \u00fcber 5.000m und 10.000m sind Wendepunktstrecken. Dabei laufen wir wieder dort, wo unsere Volksl\u00e4ufe begonnen haben. Es geht vorbei am Steinrausch Richtung Montabaur. Die\u00a0 <a href=\"https:\/\/sgneuhaeusel.de\/?page_id=146\" target=\"_blank\" rel=\"noopener\">Strecken k\u00f6nnen hier <\/a>angesehen werden.<\/p><p>Start ist am alten Sportplatz in Neuh\u00e4usel (Hillscheider Stra\u00dfe).<\/p><p>WC, Umkleiden und Duschen sind in begrenzten Ma\u00dfe im Sportplatzgeb\u00e4ude vorhanden<strong>.<\/strong><\/p><p>Die <a href=\"https:\/\/my.raceresult.com\/383608\/\">Voranmeldung<\/a> ist bis zum 16.04.2026 m\u00f6glich (23 Uhr).\u00a0<br \/><a href=\"https:\/\/my.raceresult.com\/383608\/\" target=\"_blank\" rel=\"noopener\">Hier gehts zur <strong>Anmeldung<\/strong><\/a>.<\/p><p>Nachmeldung am Veranstaltungstag bis 30 Minuten vor dem jeweiligen Start m\u00f6glich. <strong>Nachmeldegeb\u00fchr 2,00 EUR!<\/strong><\/p><p>Ergebnisse 2025:<\/p><p><a href=\"https:\/\/my.raceresult.com\/327143\/results\" target=\"_blank\" rel=\"noopener\">Urkunden<\/a> und <a href=\"https:\/\/my.raceresult.com\/327143\/results\" target=\"_blank\" rel=\"noopener\">Ergebnislisten<\/a> k\u00f6nnen nach dem Lauf online ausgedruckt werden.<\/p><p><a href=\"https:\/\/sgneuhaeusel.de\/?page_id=2362\">Fotos 2025 k\u00f6nnen hier angesehen werden<\/a><\/p>\t\t\t\t\t\t\t\t<\/div>\n\t\t\t\t<\/div>\n\t\t\t\t\t<\/div>\n\t\t<\/div>\n\t\t\t\t\t<\/div>\n\t\t<\/section>\n\t\t\t\t<section class=\"elementor-section elementor-top-section elementor-element elementor-element-73f9743 elementor-section-boxed elementor-section-height-default elementor-section-height-default\" data-id=\"73f9743\" data-element_type=\"section\" data-e-type=\"section\">\n\t\t\t\t\t\t<div class=\"elementor-container elementor-column-gap-default\">\n\t\t\t\t\t<div class=\"elementor-column elementor-col-100 elementor-top-column elementor-element elementor-element-2ce49e1\" data-id=\"2ce49e1\" data-element_type=\"column\" data-e-type=\"column\">\n\t\t\t<div class=\"elementor-widget-wrap elementor-element-populated\">\n\t\t\t\t\t\t<div class=\"elementor-element elementor-element-19744ed elementor-widget elementor-widget-html\" data-id=\"19744ed\" data-element_type=\"widget\" data-e-type=\"widget\" data-widget_type=\"html.default\">\n\t\t\t\t<div class=\"elementor-widget-container\">\n\t\t\t\t\t<div style='width: 728px; height: 90px; text-align: center; font-size: 10px;'>\n<a href='http:\/\/www.pokaldiscounter.de\/' title='Pokale Medaillen Troph\u00e4en'>\n<img style='border: 0px; width: 728px; height: 90px;' src='http:\/\/www.pokaldiscounter.de\/bilder\/banner\/pokaldiscounter-728x90.png' alt='Pokale Medaillen Troph\u00e4en | pokaldiscounter.de' \/><br \/>Pokale kaufen<\/a><\/div>\t\t\t\t<\/div>\n\t\t\t\t<\/div>\n\t\t\t\t\t<\/div>\n\t\t<\/div>\n\t\t\t\t\t<\/div>\n\t\t<\/section>\n\t\t\t\t<section class=\"elementor-section elementor-top-section elementor-element elementor-element-347bb6b elementor-section-boxed elementor-section-height-default elementor-section-height-default\" data-id=\"347bb6b\" data-element_type=\"section\" data-e-type=\"section\">\n\t\t\t\t\t\t<div class=\"elementor-container elementor-column-gap-default\">\n\t\t\t\t\t<div class=\"elementor-column elementor-col-100 elementor-top-column elementor-element elementor-element-b32a8a8\" data-id=\"b32a8a8\" data-element_type=\"column\" data-e-type=\"column\">\n\t\t\t<div class=\"elementor-widget-wrap elementor-element-populated\">\n\t\t\t\t\t\t<div class=\"elementor-element elementor-element-9ca3f8f elementor-widget elementor-widget-text-editor\" data-id=\"9ca3f8f\" data-element_type=\"widget\" data-e-type=\"widget\" data-widget_type=\"text-editor.default\">\n\t\t\t\t<div class=\"elementor-widget-container\">\n\t\t\t\t\t\t\t\t\t<p>\n<table id=\"tablepress-4\" class=\"tablepress tablepress-id-4\">\n<thead>\n<tr class=\"row-1\">\n\t<th class=\"column-1\">Startzeit<\/th><th class=\"column-2\">Wettbewerb<\/th><th class=\"column-3\">Strecke<\/th><th class=\"column-4\">Startgeld<\/th>\n<\/tr>\n<\/thead>\n<tbody class=\"row-striping row-hover\">\n<tr class=\"row-2\">\n\t<td class=\"column-1\">14:45<\/td><td class=\"column-2\">Kinderlauf<\/td><td class=\"column-3\">300 m<\/td><td class=\"column-4\">1,00 EUR<\/td>\n<\/tr>\n<tr class=\"row-3\">\n\t<td class=\"column-1\">15:00<\/td><td class=\"column-2\">Jugendlauf<\/td><td class=\"column-3\">1.000 m<\/td><td class=\"column-4\">1,00 EUR<\/td>\n<\/tr>\n<tr class=\"row-4\">\n\t<td class=\"column-1\">15:40<\/td><td class=\"column-2\">Jogginglauf<\/td><td class=\"column-3\">5.000 m<\/td><td class=\"column-4\">6,00 EUR<\/td>\n<\/tr>\n<tr class=\"row-5\">\n\t<td class=\"column-1\">15:45<\/td><td class=\"column-2\">Walking<\/td><td class=\"column-3\">5.000 m<\/td><td class=\"column-4\">6,00 EUR<\/td>\n<\/tr>\n<tr class=\"row-6\">\n\t<td class=\"column-1\">17:00<\/td><td class=\"column-2\">Lauf<\/td><td class=\"column-3\">10.000 m<\/td><td class=\"column-4\">8,00 EUR<\/td>\n<\/tr>\n<\/tbody>\n<\/table>\n<!-- #tablepress-4 from cache --><\/p>\t\t\t\t\t\t\t\t<\/div>\n\t\t\t\t<\/div>\n\t\t\t\t\t<\/div>\n\t\t<\/div>\n\t\t\t\t\t<\/div>\n\t\t<\/section>\n\t\t\t\t<section class=\"elementor-section elementor-top-section elementor-element elementor-element-da4ef2c elementor-section-boxed elementor-section-height-default elementor-section-height-default\" data-id=\"da4ef2c\" data-element_type=\"section\" data-e-type=\"section\">\n\t\t\t\t\t\t<div class=\"elementor-container elementor-column-gap-default\">\n\t\t\t\t\t<div class=\"elementor-column elementor-col-100 elementor-top-column elementor-element elementor-element-6b374c8\" data-id=\"6b374c8\" data-element_type=\"column\" data-e-type=\"column\">\n\t\t\t<div class=\"elementor-widget-wrap elementor-element-populated\">\n\t\t\t\t\t\t<div class=\"elementor-element elementor-element-287d618 elementor-widget elementor-widget-google_maps\" data-id=\"287d618\" data-element_type=\"widget\" data-e-type=\"widget\" data-widget_type=\"google_maps.default\">\n\t\t\t\t<div class=\"elementor-widget-container\">\n\t\t\t\t\t\t\t<div class=\"elementor-custom-embed\">\n\t\t\t<iframe loading=\"lazy\"\n\t\t\t\t\tsrc=\"https:\/\/maps.google.com\/maps?q=Sportplatz%20Neuh%C3%A4usel&#038;t=m&#038;z=14&#038;output=embed&#038;iwloc=near\"\n\t\t\t\t\ttitle=\"Sportplatz Neuh\u00e4usel\"\n\t\t\t\t\taria-label=\"Sportplatz Neuh\u00e4usel\"\n\t\t\t><\/iframe>\n\t\t<\/div>\n\t\t\t\t\t\t<\/div>\n\t\t\t\t<\/div>\n\t\t\t\t\t<\/div>\n\t\t<\/div>\n\t\t\t\t\t<\/div>\n\t\t<\/section>\n\t\t\t\t<\/div>\n\t\t","protected":false},"excerpt":{"rendered":"<p>32. Lauf Neuh\u00e4uselam Steinrauscham 18.04.2026 \u00a0 &gt;Ausschreibung 2026&lt; &gt;Ergebnisse 2025&lt; Einmal im Jahr veranstaltet die Leichtathletik-Abteilung der SG Neuh\u00e4usel den Internationalen Volkslauf.\u00a0 Der Titel: &#8222;Lauf am Steinrausch&#8220; Der 300m Kinderlauf finden am Sportplatz statt, der 1.000m Jugendlauf \u00fcber Ortsstra\u00dfen. Die Strecken \u00fcber 5.000m und 10.000m sind Wendepunktstrecken. Dabei laufen wir wieder dort, wo unsere Volksl\u00e4ufe &hellip; <\/p>\n<p class=\"link-more\"><a href=\"https:\/\/sgneuhaeusel.de\/?page_id=49\" class=\"more-link\"><span class=\"screen-reader-text\">\u201eVolkslauf\u201c <\/span>weiterlesen<\/a><\/p>\n","protected":false},"author":1,"featured_media":0,"parent":0,"menu_order":0,"comment_status":"closed","ping_status":"closed","template":"","meta":{"ngg_post_thumbnail":0,"iawp_total_views":5455,"footnotes":""},"class_list":["post-49","page","type-page","status-publish","hentry"],"jetpack_sharing_enabled":true,"_links":{"self":[{"href":"https:\/\/sgneuhaeusel.de\/index.php?rest_route=\/wp\/v2\/pages\/49","targetHints":{"allow":["GET"]}}],"collection":[{"href":"https:\/\/sgneuhaeusel.de\/index.php?rest_route=\/wp\/v2\/pages"}],"about":[{"href":"https:\/\/sgneuhaeusel.de\/index.php?rest_route=\/wp\/v2\/types\/page"}],"author":[{"embeddable":true,"href":"https:\/\/sgneuhaeusel.de\/index.php?rest_route=\/wp\/v2\/users\/1"}],"replies":[{"embeddable":true,"href":"https:\/\/sgneuhaeusel.de\/index.php?rest_route=%2Fwp%2Fv2%2Fcomments&post=49"}],"version-history":[{"count":209,"href":"https:\/\/sgneuhaeusel.de\/index.php?rest_route=\/wp\/v2\/pages\/49\/revisions"}],"predecessor-version":[{"id":2764,"href":"https:\/\/sgneuhaeusel.de\/index.php?rest_route=\/wp\/v2\/pages\/49\/revisions\/2764"}],"wp:attachment":[{"href":"https:\/\/sgneuhaeusel.de\/index.php?rest_route=%2Fwp%2Fv2%2Fmedia&parent=49"}],"curies":[{"name":"wp","href":"https:\/\/api.w.org\/{rel}","templated":true}]}}