{"id":47,"date":"2018-10-09T19:49:57","date_gmt":"2018-10-09T19:49:57","guid":{"rendered":"http:\/\/sgneuhaeusel.de\/?page_id=47"},"modified":"2018-10-10T08:44:00","modified_gmt":"2018-10-10T08:44:00","slug":"impressum","status":"publish","type":"page","link":"https:\/\/sgneuhaeusel.de\/?page_id=47","title":{"rendered":"Impressum"},"content":{"rendered":"<div class=\"widget-column footer-widget-2\">\n<section id=\"text-3\" class=\"widget widget_text\">\n<div class=\"textwidget\">\n<p>Sportgemeinschaft Neuh\u00e4usel<br \/>\nVorsitzender: Michael Carl<br \/>\nH\u00f6henweg 15<br \/>\n56335 Neuh\u00e4usel<br \/>\nTel. : 02620\/8416<br \/>\nEmail: michael.carl@t-online.de<br \/>\nVereinsregister Nr. 127, Amtsgericht Montabaur<\/p>\n<p><b>Pflege und technische Umsetzung:<\/b><br \/>\nAndre Beisel<\/p>\n<\/div>\n<\/section>\n<\/div>\n","protected":false},"excerpt":{"rendered":"<p>Sportgemeinschaft Neuh\u00e4usel Vorsitzender: Michael Carl H\u00f6henweg 15 56335 Neuh\u00e4usel Tel. : 02620\/8416 Email: michael.carl@t-online.de Vereinsregister Nr. 127, Amtsgericht Montabaur Pflege und technische Umsetzung: Andre Beisel<\/p>\n","protected":false},"author":1,"featured_media":0,"parent":0,"menu_order":0,"comment_status":"closed","ping_status":"closed","template":"","meta":{"ngg_post_thumbnail":0,"iawp_total_views":402,"footnotes":""},"class_list":["post-47","page","type-page","status-publish","hentry"],"jetpack_sharing_enabled":true,"_links":{"self":[{"href":"https:\/\/sgneuhaeusel.de\/index.php?rest_route=\/wp\/v2\/pages\/47","targetHints":{"allow":["GET"]}}],"collection":[{"href":"https:\/\/sgneuhaeusel.de\/index.php?rest_route=\/wp\/v2\/pages"}],"about":[{"href":"https:\/\/sgneuhaeusel.de\/index.php?rest_route=\/wp\/v2\/types\/page"}],"author":[{"embeddable":true,"href":"https:\/\/sgneuhaeusel.de\/index.php?rest_route=\/wp\/v2\/users\/1"}],"replies":[{"embeddable":true,"href":"https:\/\/sgneuhaeusel.de\/index.php?rest_route=%2Fwp%2Fv2%2Fcomments&post=47"}],"version-history":[{"count":3,"href":"https:\/\/sgneuhaeusel.de\/index.php?rest_route=\/wp\/v2\/pages\/47\/revisions"}],"predecessor-version":[{"id":166,"href":"https:\/\/sgneuhaeusel.de\/index.php?rest_route=\/wp\/v2\/pages\/47\/revisions\/166"}],"wp:attachment":[{"href":"https:\/\/sgneuhaeusel.de\/index.php?rest_route=%2Fwp%2Fv2%2Fmedia&parent=47"}],"curies":[{"name":"wp","href":"https:\/\/api.w.org\/{rel}","templated":true}]}}