{"id":249,"date":"2018-10-16T19:07:19","date_gmt":"2018-10-16T19:07:19","guid":{"rendered":"http:\/\/sgneuhaeusel.de\/?page_id=249"},"modified":"2018-10-16T19:14:48","modified_gmt":"2018-10-16T19:14:48","slug":"ueber-uns","status":"publish","type":"page","link":"https:\/\/sgneuhaeusel.de\/?page_id=249","title":{"rendered":"\u00dcber uns"},"content":{"rendered":"<p>Unser Verein wurde 1967 gegr\u00fcndet und feierte 2017 sein 50 j\u00e4hriges Bestehen. Anl\u00e4sslich dieses Jubil\u00e4ums haben wir eine Festschrift erstellt, die Sie hier herunterladen k\u00f6nnen:<\/p>\n<p><a href=\"http:\/\/sgneuhaeusel.de\/wp-content\/uploads\/2018\/10\/50JahreSGNeuh\u00e4usel-compressed.pdf\">50 Jahre SG Neuh\u00e4usel<\/a><\/p>\n<p>Gerne k\u00f6nnen Sie gedruckte Versionen bei Michael Carl erhalten.<\/p>\n","protected":false},"excerpt":{"rendered":"<p>Unser Verein wurde 1967 gegr\u00fcndet und feierte 2017 sein 50 j\u00e4hriges Bestehen. Anl\u00e4sslich dieses Jubil\u00e4ums haben wir eine Festschrift erstellt, die Sie hier herunterladen k\u00f6nnen: 50 Jahre SG Neuh\u00e4usel Gerne k\u00f6nnen Sie gedruckte Versionen bei Michael Carl erhalten.<\/p>\n","protected":false},"author":1,"featured_media":0,"parent":0,"menu_order":0,"comment_status":"closed","ping_status":"closed","template":"","meta":{"ngg_post_thumbnail":0,"iawp_total_views":795,"footnotes":""},"class_list":["post-249","page","type-page","status-publish","hentry"],"jetpack_sharing_enabled":true,"_links":{"self":[{"href":"https:\/\/sgneuhaeusel.de\/index.php?rest_route=\/wp\/v2\/pages\/249","targetHints":{"allow":["GET"]}}],"collection":[{"href":"https:\/\/sgneuhaeusel.de\/index.php?rest_route=\/wp\/v2\/pages"}],"about":[{"href":"https:\/\/sgneuhaeusel.de\/index.php?rest_route=\/wp\/v2\/types\/page"}],"author":[{"embeddable":true,"href":"https:\/\/sgneuhaeusel.de\/index.php?rest_route=\/wp\/v2\/users\/1"}],"replies":[{"embeddable":true,"href":"https:\/\/sgneuhaeusel.de\/index.php?rest_route=%2Fwp%2Fv2%2Fcomments&post=249"}],"version-history":[{"count":3,"href":"https:\/\/sgneuhaeusel.de\/index.php?rest_route=\/wp\/v2\/pages\/249\/revisions"}],"predecessor-version":[{"id":254,"href":"https:\/\/sgneuhaeusel.de\/index.php?rest_route=\/wp\/v2\/pages\/249\/revisions\/254"}],"wp:attachment":[{"href":"https:\/\/sgneuhaeusel.de\/index.php?rest_route=%2Fwp%2Fv2%2Fmedia&parent=249"}],"curies":[{"name":"wp","href":"https:\/\/api.w.org\/{rel}","templated":true}]}}