{"id":2434,"date":"2025-07-17T17:26:10","date_gmt":"2025-07-17T17:26:10","guid":{"rendered":"https:\/\/sgneuhaeusel.de\/?page_id=2434"},"modified":"2025-07-17T17:47:00","modified_gmt":"2025-07-17T17:47:00","slug":"kinderturnen","status":"publish","type":"page","link":"https:\/\/sgneuhaeusel.de\/?page_id=2434","title":{"rendered":"Kinderturnen"},"content":{"rendered":"\t\t<div data-elementor-type=\"wp-page\" data-elementor-id=\"2434\" class=\"elementor elementor-2434\">\n\t\t\t\t\t\t<section class=\"elementor-section elementor-top-section elementor-element elementor-element-78edb66 elementor-section-boxed elementor-section-height-default elementor-section-height-default\" data-id=\"78edb66\" data-element_type=\"section\" data-e-type=\"section\">\n\t\t\t\t\t\t<div class=\"elementor-container elementor-column-gap-default\">\n\t\t\t\t\t<div class=\"elementor-column elementor-col-100 elementor-top-column elementor-element elementor-element-0795900\" data-id=\"0795900\" data-element_type=\"column\" data-e-type=\"column\">\n\t\t\t<div class=\"elementor-widget-wrap elementor-element-populated\">\n\t\t\t\t\t\t<div class=\"elementor-element elementor-element-b100bd0 elementor-widget elementor-widget-text-editor\" data-id=\"b100bd0\" data-element_type=\"widget\" data-e-type=\"widget\" data-widget_type=\"text-editor.default\">\n\t\t\t\t<div class=\"elementor-widget-container\">\n\t\t\t\t\t\t\t\t\t<p class=\"s8\"><span class=\"s5\" style=\"color: #000000;\">Kinderturnen \u2013 die Grundlage f\u00fcr ein bewegtes Leben<\/span><\/p><p class=\"s6\"><span style=\"color: #000000;\">Kinderturnen ist viel mehr als Purzelbaum und Fangspiel \u2013 es ist die beste Grundlage f\u00fcr eine gesunde, vielseitige motorische Entwicklung. Hier k\u00f6nnen Kinder rennen, klettern, balancieren, springen, rollen und vor allem: mit Spa\u00df ihren K\u00f6rper entdecken und Selbstvertrauen aufbauen.<\/span><\/p><p class=\"s6\"><span style=\"color: #000000;\">Im Kinderturnen geht es nicht um Leistung, sondern um Bewegungsfreude, Gemeinschaft und das Ausprobieren vielf\u00e4ltiger Bewegungsformen. Die Kinder entwickeln auf spielerische Weise Kraft, Koordination, Gleichgewicht und Ausdauer \u2013 wichtige Bausteine f\u00fcr alle sp\u00e4teren Sportarten.<\/span><\/p><p class=\"s6\"><span style=\"color: #000000;\">Was f\u00f6rdert Kinderturnen?<\/span><\/p><p class=\"s6\"><span style=\"color: #000000;\">\u00a0\u00a0\u00a0\u00a0\u2022\u00a0\u00a0\u00a0\u00a0Bewegungssicherheit &amp; Motorik<\/span><\/p><p class=\"s6\"><span style=\"color: #000000;\">Kinder lernen, sich sicher zu bewegen \u2013 auf Ger\u00e4ten, am Boden, im Raum. <\/span><span style=\"color: #000000;\">Das st\u00e4rkt nicht nur Muskeln, sondern auch das Selbstvertrauen.<\/span><\/p><p class=\"s6\"><span style=\"color: #000000;\">\u00a0\u00a0\u00a0\u00a0\u2022\u00a0\u00a0\u00a0\u00a0K\u00f6rperwahrnehmung &amp; Selbstst\u00e4ndigkeit<\/span><\/p><p class=\"s6\"><span style=\"color: #000000;\">Durch \u00dcbungen und Bewegungslandschaften erfahren Kinder: \u201cWas kann ich schon?\u201d \u2013 und werden mutiger, selbstbewusster und bewegungssicherer.<\/span><\/p><p class=\"s6\"><span style=\"color: #000000;\">\u00a0\u00a0\u00a0\u00a0\u2022\u00a0\u00a0\u00a0\u00a0Soziale F\u00e4higkeiten &amp; Teamgeist<\/span><\/p><p class=\"s6\"><span style=\"color: #000000;\">In der Gruppe turnen hei\u00dft: R\u00fccksicht nehmen, helfen, warten, gemeinsam Spa\u00df haben \u2013 ganz nebenbei lernen Kinder wichtige soziale Kompetenzen.<\/span><\/p><p class=\"s6\"><span style=\"color: #000000;\">\u00a0\u00a0\u00a0\u00a0\u2022\u00a0\u00a0\u00a0\u00a0Vielfalt statt Spezialisierung<\/span><\/p><p class=\"s6\"><span style=\"color: #000000;\">Kinderturnen bietet eine breite Basis, auf der sp\u00e4ter jede andere Sportart aufgebaut werden kann \u2013 ob Ballsport, Tanzen, Turnen oder Leichtathletik.<\/span><\/p><p class=\"s6\"><span style=\"color: #000000;\">Kinderturnen legt den Grundstein f\u00fcr lebenslange Freude an Bewegung \u2013 in einem sicheren, wertsch\u00e4tzenden Rahmen, der Kinder st\u00e4rkt und begeistert.<\/span><\/p><p class=\"s6\"><span style=\"color: #000000;\">Neue Gesichter sind bei uns jederzeit herzlich willkommen!<\/span><\/p><p class=\"s6\"><span style=\"color: #000000;\">Da die Gruppe recht gro\u00df ist, bitte mit Anmeldung unter <a style=\"color: #000000;\" href=\"mailto:sarahleithold@icloud.com\"><span class=\"s7\">sarahleithold@icloud.com<\/span><\/a><\/span><\/p><p class=\"s6\"><span style=\"color: #000000;\">oder WhatsappNachricht an 0151-74207173<\/span><\/p><p class=\"s6\"><span style=\"color: #000000;\">Unsere Trainingszeiten: Freitags 16-17 Uhr<\/span><\/p>\t\t\t\t\t\t\t\t<\/div>\n\t\t\t\t<\/div>\n\t\t\t\t\t<\/div>\n\t\t<\/div>\n\t\t\t\t\t<\/div>\n\t\t<\/section>\n\t\t\t\t<section class=\"elementor-section elementor-top-section elementor-element elementor-element-39f4a3d elementor-section-boxed elementor-section-height-default elementor-section-height-default\" data-id=\"39f4a3d\" data-element_type=\"section\" data-e-type=\"section\">\n\t\t\t\t\t\t<div class=\"elementor-container elementor-column-gap-default\">\n\t\t\t\t\t<div class=\"elementor-column elementor-col-100 elementor-top-column elementor-element elementor-element-eeb2c2b\" data-id=\"eeb2c2b\" data-element_type=\"column\" data-e-type=\"column\">\n\t\t\t<div class=\"elementor-widget-wrap elementor-element-populated\">\n\t\t\t\t\t\t<div class=\"elementor-element elementor-element-ae5ffa4 elementor-arrows-position-inside elementor-pagination-position-outside elementor-widget elementor-widget-image-carousel\" data-id=\"ae5ffa4\" data-element_type=\"widget\" data-e-type=\"widget\" data-settings=\"{&quot;navigation&quot;:&quot;both&quot;,&quot;autoplay&quot;:&quot;yes&quot;,&quot;pause_on_hover&quot;:&quot;yes&quot;,&quot;pause_on_interaction&quot;:&quot;yes&quot;,&quot;autoplay_speed&quot;:5000,&quot;infinite&quot;:&quot;yes&quot;,&quot;speed&quot;:500}\" data-widget_type=\"image-carousel.default\">\n\t\t\t\t<div class=\"elementor-widget-container\">\n\t\t\t\t\t\t\t<div class=\"elementor-image-carousel-wrapper swiper\" role=\"region\" aria-roledescription=\"carousel\" aria-label=\"Bild Karussell\" dir=\"ltr\">\n\t\t\t<div class=\"elementor-image-carousel swiper-wrapper\" aria-live=\"off\">\n\t\t\t\t\t\t\t\t<div class=\"swiper-slide\" role=\"group\" aria-roledescription=\"slide\" aria-label=\"1 von 9\"><figure class=\"swiper-slide-inner\"><img decoding=\"async\" class=\"swiper-slide-image\" src=\"https:\/\/sgneuhaeusel.de\/wp-content\/uploads\/2025\/07\/IMG_8240-150x150.jpeg\" alt=\"IMG_8240\" \/><\/figure><\/div><div class=\"swiper-slide\" role=\"group\" aria-roledescription=\"slide\" aria-label=\"2 von 9\"><figure class=\"swiper-slide-inner\"><img decoding=\"async\" class=\"swiper-slide-image\" src=\"https:\/\/sgneuhaeusel.de\/wp-content\/uploads\/2025\/07\/IMG_8443-150x150.jpeg\" alt=\"IMG_8443\" \/><\/figure><\/div><div class=\"swiper-slide\" role=\"group\" aria-roledescription=\"slide\" aria-label=\"3 von 9\"><figure class=\"swiper-slide-inner\"><img decoding=\"async\" class=\"swiper-slide-image\" src=\"https:\/\/sgneuhaeusel.de\/wp-content\/uploads\/2025\/07\/IMG_8446-150x150.jpeg\" alt=\"IMG_8446\" \/><\/figure><\/div><div class=\"swiper-slide\" role=\"group\" aria-roledescription=\"slide\" aria-label=\"4 von 9\"><figure class=\"swiper-slide-inner\"><img decoding=\"async\" class=\"swiper-slide-image\" src=\"https:\/\/sgneuhaeusel.de\/wp-content\/uploads\/2025\/07\/IMG_8345-150x150.jpeg\" alt=\"IMG_8345\" \/><\/figure><\/div><div class=\"swiper-slide\" role=\"group\" aria-roledescription=\"slide\" aria-label=\"5 von 9\"><figure class=\"swiper-slide-inner\"><img decoding=\"async\" class=\"swiper-slide-image\" src=\"https:\/\/sgneuhaeusel.de\/wp-content\/uploads\/2025\/07\/IMG_8793-150x150.jpeg\" alt=\"IMG_8793\" \/><\/figure><\/div><div class=\"swiper-slide\" role=\"group\" aria-roledescription=\"slide\" aria-label=\"6 von 9\"><figure class=\"swiper-slide-inner\"><img decoding=\"async\" class=\"swiper-slide-image\" src=\"https:\/\/sgneuhaeusel.de\/wp-content\/uploads\/2025\/07\/IMG_8473-150x150.jpeg\" alt=\"IMG_8473\" \/><\/figure><\/div><div class=\"swiper-slide\" role=\"group\" aria-roledescription=\"slide\" aria-label=\"7 von 9\"><figure class=\"swiper-slide-inner\"><img decoding=\"async\" class=\"swiper-slide-image\" src=\"https:\/\/sgneuhaeusel.de\/wp-content\/uploads\/2025\/07\/IMG_0845-150x150.jpeg\" alt=\"IMG_0845\" \/><\/figure><\/div><div class=\"swiper-slide\" role=\"group\" aria-roledescription=\"slide\" aria-label=\"8 von 9\"><figure class=\"swiper-slide-inner\"><img decoding=\"async\" class=\"swiper-slide-image\" src=\"https:\/\/sgneuhaeusel.de\/wp-content\/uploads\/2025\/07\/IMG_0846-150x150.jpeg\" alt=\"IMG_0846\" \/><\/figure><\/div><div class=\"swiper-slide\" role=\"group\" aria-roledescription=\"slide\" aria-label=\"9 von 9\"><figure class=\"swiper-slide-inner\"><img decoding=\"async\" class=\"swiper-slide-image\" src=\"https:\/\/sgneuhaeusel.de\/wp-content\/uploads\/2025\/07\/IMG_8350-150x150.jpeg\" alt=\"IMG_8350\" \/><\/figure><\/div>\t\t\t<\/div>\n\t\t\t\t\t\t\t\t\t\t\t\t<div class=\"elementor-swiper-button elementor-swiper-button-prev\" role=\"button\" tabindex=\"0\">\n\t\t\t\t\t\t<i aria-hidden=\"true\" class=\"eicon-chevron-left\"><\/i>\t\t\t\t\t<\/div>\n\t\t\t\t\t<div class=\"elementor-swiper-button elementor-swiper-button-next\" role=\"button\" tabindex=\"0\">\n\t\t\t\t\t\t<i aria-hidden=\"true\" class=\"eicon-chevron-right\"><\/i>\t\t\t\t\t<\/div>\n\t\t\t\t\n\t\t\t\t\t\t\t\t\t<div class=\"swiper-pagination\"><\/div>\n\t\t\t\t\t\t\t\t\t<\/div>\n\t\t\t\t\t\t<\/div>\n\t\t\t\t<\/div>\n\t\t\t\t\t<\/div>\n\t\t<\/div>\n\t\t\t\t\t<\/div>\n\t\t<\/section>\n\t\t\t\t<\/div>\n\t\t","protected":false},"excerpt":{"rendered":"<p>Kinderturnen \u2013 die Grundlage f\u00fcr ein bewegtes Leben Kinderturnen ist viel mehr als Purzelbaum und Fangspiel \u2013 es ist die beste Grundlage f\u00fcr eine gesunde, vielseitige motorische Entwicklung. Hier k\u00f6nnen Kinder rennen, klettern, balancieren, springen, rollen und vor allem: mit Spa\u00df ihren K\u00f6rper entdecken und Selbstvertrauen aufbauen. Im Kinderturnen geht es nicht um Leistung, sondern &hellip; <\/p>\n<p class=\"link-more\"><a href=\"https:\/\/sgneuhaeusel.de\/?page_id=2434\" class=\"more-link\"><span class=\"screen-reader-text\">\u201eKinderturnen\u201c <\/span>weiterlesen<\/a><\/p>\n","protected":false},"author":1,"featured_media":0,"parent":0,"menu_order":0,"comment_status":"closed","ping_status":"closed","template":"","meta":{"ngg_post_thumbnail":0,"iawp_total_views":371,"footnotes":""},"class_list":["post-2434","page","type-page","status-publish","hentry"],"jetpack_sharing_enabled":true,"_links":{"self":[{"href":"https:\/\/sgneuhaeusel.de\/index.php?rest_route=\/wp\/v2\/pages\/2434","targetHints":{"allow":["GET"]}}],"collection":[{"href":"https:\/\/sgneuhaeusel.de\/index.php?rest_route=\/wp\/v2\/pages"}],"about":[{"href":"https:\/\/sgneuhaeusel.de\/index.php?rest_route=\/wp\/v2\/types\/page"}],"author":[{"embeddable":true,"href":"https:\/\/sgneuhaeusel.de\/index.php?rest_route=\/wp\/v2\/users\/1"}],"replies":[{"embeddable":true,"href":"https:\/\/sgneuhaeusel.de\/index.php?rest_route=%2Fwp%2Fv2%2Fcomments&post=2434"}],"version-history":[{"count":7,"href":"https:\/\/sgneuhaeusel.de\/index.php?rest_route=\/wp\/v2\/pages\/2434\/revisions"}],"predecessor-version":[{"id":2452,"href":"https:\/\/sgneuhaeusel.de\/index.php?rest_route=\/wp\/v2\/pages\/2434\/revisions\/2452"}],"wp:attachment":[{"href":"https:\/\/sgneuhaeusel.de\/index.php?rest_route=%2Fwp%2Fv2%2Fmedia&parent=2434"}],"curies":[{"name":"wp","href":"https:\/\/api.w.org\/{rel}","templated":true}]}}