{"id":2,"date":"2016-05-10T03:48:21","date_gmt":"2016-05-10T03:48:21","guid":{"rendered":"http:\/\/sgneuhaeusel.de\/?page_id=2"},"modified":"2026-04-27T07:00:16","modified_gmt":"2026-04-27T07:00:16","slug":"sample-page","status":"publish","type":"page","link":"https:\/\/sgneuhaeusel.de\/","title":{"rendered":"Startseite"},"content":{"rendered":"\t\t<div data-elementor-type=\"wp-post\" data-elementor-id=\"2\" class=\"elementor elementor-2\">\n\t\t\t\t\t\t<section class=\"elementor-section elementor-top-section elementor-element elementor-element-82d9138 elementor-section-boxed elementor-section-height-default elementor-section-height-default\" data-id=\"82d9138\" data-element_type=\"section\" data-e-type=\"section\">\n\t\t\t\t\t\t<div class=\"elementor-container elementor-column-gap-default\">\n\t\t\t\t\t<div class=\"elementor-column elementor-col-100 elementor-top-column elementor-element elementor-element-d5b5a03\" data-id=\"d5b5a03\" data-element_type=\"column\" data-e-type=\"column\">\n\t\t\t<div class=\"elementor-widget-wrap elementor-element-populated\">\n\t\t\t\t\t\t<section class=\"elementor-section elementor-inner-section elementor-element elementor-element-9a92a94 elementor-section-boxed elementor-section-height-default elementor-section-height-default\" data-id=\"9a92a94\" data-element_type=\"section\" data-e-type=\"section\">\n\t\t\t\t\t\t<div class=\"elementor-container elementor-column-gap-default\">\n\t\t\t\t\t<div class=\"elementor-column elementor-col-33 elementor-inner-column elementor-element elementor-element-6620f0b\" data-id=\"6620f0b\" data-element_type=\"column\" data-e-type=\"column\">\n\t\t\t<div class=\"elementor-widget-wrap elementor-element-populated\">\n\t\t\t\t\t\t<div class=\"elementor-element elementor-element-c5d1b01 elementor-widget elementor-widget-text-editor\" data-id=\"c5d1b01\" data-element_type=\"widget\" data-e-type=\"widget\" data-widget_type=\"text-editor.default\">\n\t\t\t\t<div class=\"elementor-widget-container\">\n\t\t\t\t\t\t\t\t\t<p style=\"text-align: center;\"><b>Fu\u00dfball<\/b><\/p><p style=\"text-align: center;\"><b>Gymnastik<\/b><\/p><p style=\"text-align: center;\"><a href=\"https:\/\/sgneuhaeusel.de\/?page_id=2434\"><b>Turnen<\/b><\/a><\/p><p style=\"text-align: center;\"><a href=\"https:\/\/sgneuhaeusel.de\/?page_id=74\"><b>Leichtathletik<\/b><\/a><\/p>\t\t\t\t\t\t\t\t<\/div>\n\t\t\t\t<\/div>\n\t\t\t\t\t<\/div>\n\t\t<\/div>\n\t\t\t\t<div class=\"elementor-column elementor-col-33 elementor-inner-column elementor-element elementor-element-893df1e\" data-id=\"893df1e\" data-element_type=\"column\" data-e-type=\"column\">\n\t\t\t<div class=\"elementor-widget-wrap elementor-element-populated\">\n\t\t\t\t\t\t<div class=\"elementor-element elementor-element-c08403a elementor-widget elementor-widget-image\" data-id=\"c08403a\" data-element_type=\"widget\" data-e-type=\"widget\" data-widget_type=\"image.default\">\n\t\t\t\t<div class=\"elementor-widget-container\">\n\t\t\t\t\t\t\t\t\t\t\t\t<figure class=\"wp-caption\">\n\t\t\t\t\t\t\t\t\t\t<img decoding=\"async\" width=\"218\" height=\"218\" src=\"https:\/\/sgneuhaeusel.de\/wp-content\/uploads\/2018\/10\/SGN.gif\" class=\"attachment-large size-large wp-image-32\" alt=\"\" sizes=\"100vw\" \/>\t\t\t\t\t\t\t\t\t\t\t<figcaption class=\"widget-image-caption wp-caption-text\">Spiel, Sport und Spa\u00df<\/figcaption>\n\t\t\t\t\t\t\t\t\t\t<\/figure>\n\t\t\t\t\t\t\t\t\t<\/div>\n\t\t\t\t<\/div>\n\t\t\t\t\t<\/div>\n\t\t<\/div>\n\t\t\t\t<div class=\"elementor-column elementor-col-33 elementor-inner-column elementor-element elementor-element-d685f46\" data-id=\"d685f46\" data-element_type=\"column\" data-e-type=\"column\">\n\t\t\t<div class=\"elementor-widget-wrap elementor-element-populated\">\n\t\t\t\t\t\t<div class=\"elementor-element elementor-element-a3650f7 elementor-widget elementor-widget-text-editor\" data-id=\"a3650f7\" data-element_type=\"widget\" data-e-type=\"widget\" data-widget_type=\"text-editor.default\">\n\t\t\t\t<div class=\"elementor-widget-container\">\n\t\t\t\t\t\t\t\t\t<p style=\"text-align: center;\"><b>Tischtennis<\/b><\/p><p style=\"text-align: center;\"><a href=\"https:\/\/sgneuhaeusel.de\/?page_id=1387\"><b>Badminton<\/b><\/a><\/p><p style=\"text-align: center;\"><a href=\"https:\/\/sgneuhaeusel.de\/?page_id=2776\"><b>Volleyball<\/b><\/a><\/p><p style=\"text-align: center;\"><b><a href=\"https:\/\/judoneuhaeusel.wordpress.com\/\" target=\"_blank\" rel=\"noopener\">Judo<\/a><\/b><\/p>\t\t\t\t\t\t\t\t<\/div>\n\t\t\t\t<\/div>\n\t\t\t\t\t<\/div>\n\t\t<\/div>\n\t\t\t\t\t<\/div>\n\t\t<\/section>\n\t\t\t\t\t<\/div>\n\t\t<\/div>\n\t\t\t\t\t<\/div>\n\t\t<\/section>\n\t\t\t\t<article class=\"elementor-section elementor-top-section elementor-element elementor-element-5abb1e8 elementor-section-full_width elementor-section-height-default elementor-section-height-default\" data-id=\"5abb1e8\" data-element_type=\"section\" data-e-type=\"section\">\n\t\t\t\t\t\t<div class=\"elementor-container elementor-column-gap-default\">\n\t\t\t\t\t<div class=\"elementor-column elementor-col-100 elementor-top-column elementor-element elementor-element-c572556\" data-id=\"c572556\" data-element_type=\"column\" data-e-type=\"column\">\n\t\t\t<div class=\"elementor-widget-wrap elementor-element-populated\">\n\t\t\t\t\t\t<div class=\"elementor-element elementor-element-5c05305 elementor-widget elementor-widget-sidebar\" data-id=\"5c05305\" data-element_type=\"widget\" data-e-type=\"widget\" data-widget_type=\"sidebar.default\">\n\t\t\t\t<div class=\"elementor-widget-container\">\n\t\t\t\t\t<section id=\"search-2\" class=\"widget widget_search\">\n\n<form role=\"search\" method=\"get\" class=\"search-form\" action=\"https:\/\/sgneuhaeusel.de\/\">\n\t<label for=\"search-form-1\">\n\t\t<span class=\"screen-reader-text\">\n\t\t\tSuchen nach:\t\t<\/span>\n\t<\/label>\n\t<input type=\"search\" id=\"search-form-1\" class=\"search-field\" placeholder=\"Suchen\u00a0\u2026\" value=\"\" name=\"s\" \/>\n\t<button type=\"submit\" class=\"search-submit\"><svg class=\"icon icon-search\" aria-hidden=\"true\" role=\"img\"> <use href=\"#icon-search\" xlink:href=\"#icon-search\"><\/use> <\/svg><span class=\"screen-reader-text\">\n\t\tSuchen\t<\/span><\/button>\n<\/form>\n<\/section>\n\t\t<section id=\"recent-posts-2\" class=\"widget widget_recent_entries\">\n\t\t<h2 class=\"widget-title\">Neueste Beitr\u00e4ge<\/h2><nav aria-label=\"Neueste Beitr\u00e4ge\">\n\t\t<ul>\n\t\t\t\t\t\t\t\t\t\t\t<li>\n\t\t\t\t\t<a href=\"https:\/\/sgneuhaeusel.de\/?p=2873\">Ergebnisse und Fotos vom 32. Lauf 2026<\/a>\n\t\t\t\t\t\t\t\t\t\t\t<span class=\"post-date\">18. April 2026<\/span>\n\t\t\t\t\t\t\t\t\t<\/li>\n\t\t\t\t\t\t\t\t\t\t\t<li>\n\t\t\t\t\t<a href=\"https:\/\/sgneuhaeusel.de\/?p=2828\">LineDance neue Kurse ab 17.04.2026<\/a>\n\t\t\t\t\t\t\t\t\t\t\t<span class=\"post-date\">25. M\u00e4rz 2026<\/span>\n\t\t\t\t\t\t\t\t\t<\/li>\n\t\t\t\t\t\t\t\t\t\t\t<li>\n\t\t\t\t\t<a href=\"https:\/\/sgneuhaeusel.de\/?p=2807\">Regionsmeisterschaften LVRR Crosslauf<\/a>\n\t\t\t\t\t\t\t\t\t\t\t<span class=\"post-date\">16. M\u00e4rz 2026<\/span>\n\t\t\t\t\t\t\t\t\t<\/li>\n\t\t\t\t\t\t\t\t\t\t\t<li>\n\t\t\t\t\t<a href=\"https:\/\/sgneuhaeusel.de\/?p=2804\">Sportangebot Sommer 2026<\/a>\n\t\t\t\t\t\t\t\t\t\t\t<span class=\"post-date\">13. M\u00e4rz 2026<\/span>\n\t\t\t\t\t\t\t\t\t<\/li>\n\t\t\t\t\t\t\t\t\t\t\t<li>\n\t\t\t\t\t<a href=\"https:\/\/sgneuhaeusel.de\/?p=2781\">SPORTspielPLATZ<\/a>\n\t\t\t\t\t\t\t\t\t\t\t<span class=\"post-date\">9. M\u00e4rz 2026<\/span>\n\t\t\t\t\t\t\t\t\t<\/li>\n\t\t\t\t\t<\/ul>\n\n\t\t<\/nav><\/section>\t\t\t\t<\/div>\n\t\t\t\t<\/div>\n\t\t\t\t\t<\/div>\n\t\t<\/div>\n\t\t\t\t\t<\/div>\n\t\t<\/article>\n\t\t\t\t<section class=\"elementor-section elementor-top-section elementor-element elementor-element-ac64c59 elementor-section-boxed elementor-section-height-default elementor-section-height-default\" data-id=\"ac64c59\" data-element_type=\"section\" data-e-type=\"section\">\n\t\t\t\t\t\t<div class=\"elementor-container elementor-column-gap-default\">\n\t\t\t\t\t<div class=\"elementor-column elementor-col-100 elementor-top-column elementor-element elementor-element-709d5d4\" data-id=\"709d5d4\" data-element_type=\"column\" data-e-type=\"column\">\n\t\t\t<div class=\"elementor-widget-wrap elementor-element-populated\">\n\t\t\t\t\t\t<div class=\"elementor-element elementor-element-f1ab99e elementor-widget elementor-widget-text-editor\" data-id=\"f1ab99e\" data-element_type=\"widget\" data-e-type=\"widget\" data-widget_type=\"text-editor.default\">\n\t\t\t\t<div class=\"elementor-widget-container\">\n\t\t\t\t\t\t\t\t\t<p style=\"text-align: center;\"><span style=\"color: #333333;\">Wir distanzieren uns ausdr\u00fccklich von den Inhalten der verlinkten Seiten.<\/span><\/p><p style=\"text-align: center;\"><span style=\"color: #333333;\">Besucht uns auf Instagram:<\/span><\/p>\t\t\t\t\t\t\t\t<\/div>\n\t\t\t\t<\/div>\n\t\t\t\t\t<\/div>\n\t\t<\/div>\n\t\t\t\t\t<\/div>\n\t\t<\/section>\n\t\t\t\t<section class=\"elementor-section elementor-top-section elementor-element elementor-element-f3f13db elementor-section-boxed elementor-section-height-default elementor-section-height-default\" data-id=\"f3f13db\" data-element_type=\"section\" data-e-type=\"section\">\n\t\t\t\t\t\t<div class=\"elementor-container elementor-column-gap-default\">\n\t\t\t\t\t<div class=\"elementor-column elementor-col-100 elementor-top-column elementor-element elementor-element-8fa19d0\" data-id=\"8fa19d0\" data-element_type=\"column\" data-e-type=\"column\">\n\t\t\t<div class=\"elementor-widget-wrap elementor-element-populated\">\n\t\t\t\t\t\t<div class=\"elementor-element elementor-element-56b5683 elementor-view-default elementor-widget elementor-widget-icon\" data-id=\"56b5683\" data-element_type=\"widget\" data-e-type=\"widget\" data-widget_type=\"icon.default\">\n\t\t\t\t<div class=\"elementor-widget-container\">\n\t\t\t\t\t\t\t<div class=\"elementor-icon-wrapper\">\n\t\t\t<a class=\"elementor-icon\" href=\"https:\/\/www.instagram.com\/sgneuhaeusel?utm_source=ig_web_button_share_sheet&#038;igsh=ZDNlZDc0MzIxNw==\">\n\t\t\t<i aria-hidden=\"true\" class=\"fab fa-instagram\"><\/i>\t\t\t<\/a>\n\t\t<\/div>\n\t\t\t\t\t\t<\/div>\n\t\t\t\t<\/div>\n\t\t\t\t\t<\/div>\n\t\t<\/div>\n\t\t\t\t\t<\/div>\n\t\t<\/section>\n\t\t\t\t<section class=\"elementor-section elementor-top-section elementor-element elementor-element-d15d2cf elementor-section-boxed elementor-section-height-default elementor-section-height-default\" data-id=\"d15d2cf\" data-element_type=\"section\" data-e-type=\"section\">\n\t\t\t\t\t\t<div class=\"elementor-container elementor-column-gap-default\">\n\t\t\t\t\t<div class=\"elementor-column elementor-col-100 elementor-top-column elementor-element elementor-element-a87e412\" data-id=\"a87e412\" data-element_type=\"column\" data-e-type=\"column\">\n\t\t\t<div class=\"elementor-widget-wrap elementor-element-populated\">\n\t\t\t\t\t\t<div class=\"elementor-element elementor-element-bc7440c elementor-widget elementor-widget-text-editor\" data-id=\"bc7440c\" data-element_type=\"widget\" data-e-type=\"widget\" data-widget_type=\"text-editor.default\">\n\t\t\t\t<div class=\"elementor-widget-container\">\n\t\t\t\t\t\t\t\t\t<p style=\"text-align: center;\"><a href=\"https:\/\/sgneuhaeusel.de\/?p=2696\"><span style=\"color: #000000;\">\u00dcbersicht der Hallensperrungen zur Information<\/span><\/a><\/p>\t\t\t\t\t\t\t\t<\/div>\n\t\t\t\t<\/div>\n\t\t\t\t\t<\/div>\n\t\t<\/div>\n\t\t\t\t\t<\/div>\n\t\t<\/section>\n\t\t\t\t<\/div>\n\t\t","protected":false},"excerpt":{"rendered":"<p>Fu\u00dfball Gymnastik Turnen Leichtathletik Spiel, Sport und Spa\u00df Tischtennis Badminton Volleyball Judo Wir distanzieren uns ausdr\u00fccklich von den Inhalten der verlinkten Seiten. Besucht uns auf Instagram: \u00dcbersicht der Hallensperrungen zur Information<\/p>\n","protected":false},"author":1,"featured_media":0,"parent":0,"menu_order":0,"comment_status":"closed","ping_status":"open","template":"","meta":{"ngg_post_thumbnail":0,"iawp_total_views":9008,"footnotes":""},"class_list":["post-2","page","type-page","status-publish","hentry"],"jetpack_sharing_enabled":true,"_links":{"self":[{"href":"https:\/\/sgneuhaeusel.de\/index.php?rest_route=\/wp\/v2\/pages\/2","targetHints":{"allow":["GET"]}}],"collection":[{"href":"https:\/\/sgneuhaeusel.de\/index.php?rest_route=\/wp\/v2\/pages"}],"about":[{"href":"https:\/\/sgneuhaeusel.de\/index.php?rest_route=\/wp\/v2\/types\/page"}],"author":[{"embeddable":true,"href":"https:\/\/sgneuhaeusel.de\/index.php?rest_route=\/wp\/v2\/users\/1"}],"replies":[{"embeddable":true,"href":"https:\/\/sgneuhaeusel.de\/index.php?rest_route=%2Fwp%2Fv2%2Fcomments&post=2"}],"version-history":[{"count":71,"href":"https:\/\/sgneuhaeusel.de\/index.php?rest_route=\/wp\/v2\/pages\/2\/revisions"}],"predecessor-version":[{"id":3085,"href":"https:\/\/sgneuhaeusel.de\/index.php?rest_route=\/wp\/v2\/pages\/2\/revisions\/3085"}],"wp:attachment":[{"href":"https:\/\/sgneuhaeusel.de\/index.php?rest_route=%2Fwp%2Fv2%2Fmedia&parent=2"}],"curies":[{"name":"wp","href":"https:\/\/api.w.org\/{rel}","templated":true}]}}