{"id":1912,"date":"2024-07-18T19:53:15","date_gmt":"2024-07-18T19:53:15","guid":{"rendered":"https:\/\/sgneuhaeusel.de\/?page_id=1912"},"modified":"2024-07-18T19:53:15","modified_gmt":"2024-07-18T19:53:15","slug":"badmintongeschichte","status":"publish","type":"page","link":"https:\/\/sgneuhaeusel.de\/?page_id=1912","title":{"rendered":"Badmintongeschichte"},"content":{"rendered":"\n<p><strong>Badminton<\/strong> ist ein R\u00fcckschlagspiel, das mit einem Federball (Shuttlecock) und jeweils einem Badmintonschl\u00e4ger pro Person gespielt wird. Dabei versuchen wir, den Ball so \u00fcber das Netz zu schlagen, dass der Gegner ihn nicht den Regeln entsprechend zur\u00fcckschlagen kann. Schnelligkeit, Kraft und Ausdauer gepaart mit taktischer Disziplin zeichnen diesen gesunden Sport aus. Der Reiz des Badmintons liegt im besonderen Flugverhalten des Balles: Er kann mit 250 Stundenkilometern (Weltrekord liegt bei 493 km) Geschwindigkeit den Schl\u00e4ger als \u201eGeschoss\u201c verlassen, um dann im n\u00e4chsten Augenblick leicht wie eine Feder zu Boden zu sinken. Hieraus entstehen die diesem Sport eigenen attraktiven Ballwechsel. Badminton f\u00f6rdert die Kondition, die Geschicklichkeit, die Reaktionsf\u00e4higkeit und st\u00e4rkt vor allem die Bein- und Armmuskulatur.<\/p>\n","protected":false},"excerpt":{"rendered":"<p>Badminton ist ein R\u00fcckschlagspiel, das mit einem Federball (Shuttlecock) und jeweils einem Badmintonschl\u00e4ger pro Person gespielt wird. Dabei versuchen wir, den Ball so \u00fcber das Netz zu schlagen, dass der Gegner ihn nicht den Regeln entsprechend zur\u00fcckschlagen kann. Schnelligkeit, Kraft und Ausdauer gepaart mit taktischer Disziplin zeichnen diesen gesunden Sport aus. Der Reiz des Badmintons &hellip; <\/p>\n<p class=\"link-more\"><a href=\"https:\/\/sgneuhaeusel.de\/?page_id=1912\" class=\"more-link\"><span class=\"screen-reader-text\">\u201eBadmintongeschichte\u201c <\/span>weiterlesen<\/a><\/p>\n","protected":false},"author":1,"featured_media":0,"parent":1387,"menu_order":0,"comment_status":"closed","ping_status":"closed","template":"","meta":{"ngg_post_thumbnail":0,"iawp_total_views":118,"footnotes":""},"class_list":["post-1912","page","type-page","status-publish","hentry"],"jetpack_sharing_enabled":true,"_links":{"self":[{"href":"https:\/\/sgneuhaeusel.de\/index.php?rest_route=\/wp\/v2\/pages\/1912","targetHints":{"allow":["GET"]}}],"collection":[{"href":"https:\/\/sgneuhaeusel.de\/index.php?rest_route=\/wp\/v2\/pages"}],"about":[{"href":"https:\/\/sgneuhaeusel.de\/index.php?rest_route=\/wp\/v2\/types\/page"}],"author":[{"embeddable":true,"href":"https:\/\/sgneuhaeusel.de\/index.php?rest_route=\/wp\/v2\/users\/1"}],"replies":[{"embeddable":true,"href":"https:\/\/sgneuhaeusel.de\/index.php?rest_route=%2Fwp%2Fv2%2Fcomments&post=1912"}],"version-history":[{"count":2,"href":"https:\/\/sgneuhaeusel.de\/index.php?rest_route=\/wp\/v2\/pages\/1912\/revisions"}],"predecessor-version":[{"id":1945,"href":"https:\/\/sgneuhaeusel.de\/index.php?rest_route=\/wp\/v2\/pages\/1912\/revisions\/1945"}],"up":[{"embeddable":true,"href":"https:\/\/sgneuhaeusel.de\/index.php?rest_route=\/wp\/v2\/pages\/1387"}],"wp:attachment":[{"href":"https:\/\/sgneuhaeusel.de\/index.php?rest_route=%2Fwp%2Fv2%2Fmedia&parent=1912"}],"curies":[{"name":"wp","href":"https:\/\/api.w.org\/{rel}","templated":true}]}}